{"id":3452,"date":"2022-05-30T11:19:37","date_gmt":"2022-05-30T11:19:37","guid":{"rendered":"https:\/\/wordpress.artadi.com\/politica-de-privacidad\/"},"modified":"2023-07-04T07:12:14","modified_gmt":"2023-07-04T07:12:14","slug":"politica-de-privacidad","status":"publish","type":"page","link":"https:\/\/wordpress.artadi.com\/en\/politica-de-privacidad\/","title":{"rendered":"Privacy Policy"},"content":{"rendered":"\n<h2 class=\"wp-block-heading\">POL\u00cdTICA DE PRIVACIDAD Y PROTECCI\u00d3N DE DATOS DE CAR\u00c1CTER PERSONAL DE BODEGAS Y VI\u00d1EDOS ARTADI DE LAGUARDIA, S.A.<\/h2>\n\n\n\n<h3 class=\"wp-block-heading\">TRATAMIENTOS DE DATOS PERSONALES<\/h3>\n\n\n\n<p>En cumplimiento de lo establecido en la normativa aplicable de Protecci\u00f3n de Datos, le informamos que los datos que ser\u00e1n tratados como Responsable por BODEGAS Y VI\u00d1EDOS ARTADI DE LAGUARDIA, S.A., cuya finalidad del tratamiento es la prestaci\u00f3n del servicio que el usuario solicite a trav\u00e9s de nuestro formulario de contacto y\/o a trav\u00e9s de nuestro formulario de solicitud de visita a la bodega y, para ello, necesitamos que marque la casilla habilitada que indica la aceptaci\u00f3n de esta pol\u00edtica, de tal manera que si no lo hace no tendremos su consentimiento expreso y por ello no podremos dar respuesta a su solicitud.<\/p>\n\n\n\n<p>Para la correcta prestaci\u00f3n de los servicios ofrecidos por BODEGAS Y VI\u00d1EDOS ARTADI DE LAGUARDIA, S.A., es preciso que el usuario conteste a todas y cada una de las preguntas que aparecen en los formularios presentes en nuestro sitio web. Asimismo, el usuario declara que es mayor de edad.<\/p>\n\n\n\n<p>El tratamiento de los datos de car\u00e1cter personal solicitados tendr\u00e1n adem\u00e1s como finalidad del tratamiento el env\u00edo de informaci\u00f3n comercial relativa a productos y servicios ofrecidos actualmente y en el futuro por BODEGAS Y VI\u00d1EDOS ARTADI DE LAGUARDIA, S.A.; esa informaci\u00f3n incluye comunicaciones publicitarias y promocionales, a trav\u00e9s de correo postal, fax, correo electr\u00f3nico o cualquier otro medio. Para realizar este tratamiento&nbsp;es necesario que el usuario marque la casilla habilitada al efecto en el formulario de la p\u00e1gina web.&nbsp;<\/p>\n\n\n\n<p>En el caso en el que el usuario se suscriba a nuestro bolet\u00edn\/newsletter usaremos su direcci\u00f3n de correo electr\u00f3nico, el cual pasar\u00e1 a formar parte de nuestra base de datos para el env\u00edo de noticias. Para poder suscribirse a este servicio es necesario que marque la casilla de suscripci\u00f3n, en caso de no hacerlo no quedar\u00e1 suscrito a nuestro bolet\u00edn.<\/p>\n\n\n\n<p>Si Vd. incluye sus datos en nuestro formulario de visitas le informamos que el tratamiento de dichos datos por parte de BODEGAS Y VI\u00d1EDOS ARTADI DE LAGUARDIA, S.A. tiene como finalidad la poder gestionar las visitas a la bodega.&nbsp;<\/p>\n\n\n\n<p>Dado el car\u00e1cter personal de los datos facilitados, BODEGAS Y VI\u00d1EDOS ARTADI DE LAGUARDIA, S.A. se compromete a tratarlos con estricta confidencialidad guardando el secreto debido, a este efecto, la entidad ha implantado las medidas de seguridad adecuadas conforme el an\u00e1lisis de riesgos realizado.<\/p>\n\n\n\n<p>Le informamos que no se ceder\u00e1n sus datos a terceros ni se realizar\u00e1n transferencias internacionales de datos, salvo obligaci\u00f3n legal o cesi\u00f3n necesaria \u00fanica y exclusivamente cuando sea necesario para la prestaci\u00f3n del servicio solicitado, en cuyo caso se solicitar\u00e1 el consentimiento para ello.&nbsp;<\/p>\n\n\n\n<h3 class=\"wp-block-heading\">DERECHOS<\/h3>\n\n\n\n<p>Los datos recabados y tratados se conservar\u00e1n por un plazo de tiempo limitado, dicho plazo ser\u00e1 el necesario para cumplir las obligaciones legales impuestas BODEGAS Y VI\u00d1EDOS ARTADI DE LAGUARDIA, S.A. por las diferentes normativas aplicables.&nbsp;<\/p>\n\n\n\n<p>El usuario como interesado puede ejercer en todo momento los siguientes derechos en la direcci\u00f3n indicada en el Aviso Legal:&nbsp;<\/p>\n\n\n\n<p><strong>Derecho de acceso:<\/strong>&nbsp;el interesado podr\u00e1 solicitar al Responsable los datos tratados y en caso afirmativo qu\u00e9 datos personales concretos son tratados.<\/p>\n\n\n\n<p><strong>Derecho de rectificaci\u00f3n:<\/strong>&nbsp;el interesado podr\u00e1 solicitar al Responsable la correcci\u00f3n de sus datos personales en caso de no ser exactos.<\/p>\n\n\n\n<p><strong>Derecho de supresi\u00f3n:&nbsp;<\/strong>el interesado podr\u00e1 solicitar al Responsable el borrado de sus datos personales.<\/p>\n\n\n\n<p><strong>Derecho de oposici\u00f3n:&nbsp;<\/strong>el interesado podr\u00e1 oponerse a que el Responsable realice un tratamiento de sus datos personales.<\/p>\n\n\n\n<p><strong>Derecho a la limitaci\u00f3n del tratamiento:&nbsp;<\/strong>el interesado podr\u00e1 solicitar al Responsable que temporalmente no trate sus datos personales en unos supuestos concretos.<\/p>\n\n\n\n<p><strong>Derecho a la portabilidad:<\/strong>&nbsp;el interesado podr\u00e1 solicitar al Responsable sus datos automatizados en un formato estructurado de f\u00e1cil acceso y manejo.<\/p>\n\n\n\n<p>M\u00e1s informaci\u00f3n sobre sus derechos en&nbsp;<a href=\"http:\/\/www.agpd.es\/\">www.agpd.es<\/a>.<\/p>\n\n\n\n<p>Asimismo, tiene derecho a presentar una reclamaci\u00f3n ante la Agencia Espa\u00f1ola de Protecci\u00f3n de Datos.<\/p>\n\n\n\n<h3 class=\"wp-block-heading\">COOKIES<\/h3>\n\n\n\n<p>Los datos que ser\u00e1n almacenados en cada \u201ccookie\u201d son los siguientes: idioma, fecha y hora de la \u00faltima vez que el usuario visit\u00f3 nuestro Web, dise\u00f1o de contenidos que el usuario escogi\u00f3 en su primera visita a nuestro Web y elementos de seguridad que intervienen en el control de acceso a las \u00e1reas restringidas.<\/p>\n\n\n\n<p>Desde este sitio Web estudiamos las preferencias de nuestros usuarios (caracter\u00edsticas demogr\u00e1ficas, sus patrones de tr\u00e1fico y otra informaci\u00f3n en conjunto para comprender el comportamiento y el perfil de nuestros usuarios). El rastreo de las preferencias de nuestros usuarios nos ayuda para mejorar nuestra P\u00e1gina as\u00ed como nuestros servicios.&nbsp;<\/p>\n\n\n\n<p>Para ello, utilizamos el sistema Google Analytics (herramienta de Google para la medici\u00f3n del tr\u00e1fico de las P\u00e1ginas Web), el cual puede almacenar cookies en su ordenador para ayudarnos a recopilar informaci\u00f3n que ser\u00e1 utilizada \u00fanicamente con fines estad\u00edsticos y de estudio del comportamiento de los usuarios de nuestro sitio web. La informaci\u00f3n que recopila la cookie (incluida la IP) es almacenada y transmitida hacia los servidores de Google en Estados Unidos. Google utilizar\u00e1 dichos datos para recopilar su actividad en nuestro sitio y generar informes con el prop\u00f3sito de identificar el uso que hace del sitio. Google podr\u00e1 proporcionar dicha informaci\u00f3n a terceros cuando as\u00ed lo requiera la legislaci\u00f3n vigente. La aceptaci\u00f3n de esta pol\u00edtica supone la aceptaci\u00f3n del uso por parte de Google de la informaci\u00f3n recogida por Google Analytics.<\/p>\n\n\n\n<p>Vd. puede configurar su navegador para rechazar el almacenamiento de las cookies en su ordenador. Puede obtener m\u00e1s informaci\u00f3n en nuestra&nbsp;<a href=\"https:\/\/artadi.com\/politica-cookies\">Pol\u00edtica de Cookies<\/a>.<\/p>\n\n\n\n<h2 class=\"wp-block-heading\"><\/h2>\n\n\n\n<h3 class=\"wp-block-heading\">INFORMACI\u00d3N COMPLETA SOBRE EL TRATAMIENTO DE DATOS PERSONALES<\/h3>\n\n\n\n<h3 class=\"wp-block-heading\">RESPONSABLE DEL TRATAMIENTO<\/h3>\n\n\n\n<p><strong>\u00bfQui\u00e9n es el responsable del tratamiento de sus datos?<\/strong><\/p>\n\n\n\n<ul class=\"wp-block-list\">\n<li>dentidad: BODEGAS Y VI\u00d1EDOS ARTADI DE LAGUARDIA, S.A.<\/li>\n\n\n\n<li>Dir. Postal: Carretera de Logro\u00f1o s\/n \u2013 01300, Laguardia (\u00c1lava)<\/li>\n\n\n\n<li>Correo electr\u00f3nico:&nbsp;<a href=\"mailto:comunicacion@artadi.com\">comunicacion@artadi.com<\/a><\/li>\n<\/ul>\n\n\n\n<h3 class=\"wp-block-heading\">FINALIDAD DEL TRATAMIENTO<\/h3>\n\n\n\n<p><strong>\u00bfCon qu\u00e9 finalidad tratamos sus datos personales?<\/strong><\/p>\n\n\n\n<p>BODEGAS Y VI\u00d1EDOS ARTADI DE LAGUARDIA, S.A. tratamos la informaci\u00f3n que nos facilitan las personas interesadas con los siguientes fines:&nbsp;<\/p>\n\n\n\n<ul class=\"wp-block-list\">\n<li>Gesti\u00f3n y administraci\u00f3n de la relaci\u00f3n contractual establecida con&nbsp;<strong>proveedores, clientes y empleados<\/strong>.<\/li>\n\n\n\n<li>Facilitar a los interesados&nbsp;<strong>informaci\u00f3n comercial<\/strong>&nbsp;sobre productos y servicios que pudieran ser de su inter\u00e9s.<\/li>\n\n\n\n<li><strong>Videovigilancia<\/strong>&nbsp;de las instalaciones en el caso de que Usted acceda a nuestras instalaciones.<\/li>\n\n\n\n<li>Dar respuesta a sus consultas y cuestiones en el caso de que Usted nos formule alguna pregunta a trav\u00e9s de la<strong>&nbsp;p\u00e1gina web.<\/strong><\/li>\n\n\n\n<li>Evaluar su candidatura ante una futura vacante para un puesto de trabajo, en caso de habernos facilitado su<strong>&nbsp;cv.<\/strong><\/li>\n\n\n\n<li>Enviarle la newsletter en el caso de que la solicitase.<\/li>\n\n\n\n<li>Gesti\u00f3n y administraci\u00f3n de los<strong>&nbsp;eventos\/visitas<\/strong>&nbsp;organizadas por la bodega.<\/li>\n<\/ul>\n\n\n\n<p><strong>\u00bfCu\u00e1nto tiempo conservaremos sus datos?<\/strong><\/p>\n\n\n\n<p>Los datos personales proporcionados se conservar\u00e1n:<br>a) Mientras se mantenga la relaci\u00f3n mercantil.<br>b) No se solicite su supresi\u00f3n por el interesado.<br>c) La informaci\u00f3n que por imperativo legal deba conservarse un tiempo espec\u00edfico no se eliminar\u00e1 hasta que transcurra el tiempo indicado en la ley.<\/p>\n\n\n\n<h3 class=\"wp-block-heading\">LEGITIMACI\u00d3N DEL TRATAMIENTO<\/h3>\n\n\n\n<p><strong>\u00bfCu\u00e1l es la legitimaci\u00f3n para el tratamiento de sus datos?<\/strong><\/p>\n\n\n\n<p>La base legal para el tratamiento de sus datos es la siguiente:<\/p>\n\n\n\n<ul class=\"wp-block-list\">\n<li>Ejecuci\u00f3n del contrato en el caso de que Usted sea&nbsp;<strong>empleado cliente, proveedor<\/strong>.<\/li>\n\n\n\n<li>Inter\u00e9s leg\u00edtimo en el caso de que haya sido grabado por las c\u00e1maras de&nbsp;<strong>videovigilancia<\/strong>.<\/li>\n\n\n\n<li>Consentimiento del interesado prestado en la&nbsp;<strong>p\u00e1gina web<\/strong>&nbsp;en el caso de que usted realice alguna petici\u00f3n o consulta en nuestro formulario de contacto o bien se suscriba a la&nbsp;<strong>newsletter<\/strong>.<\/li>\n\n\n\n<li>Consentimiento del interesado en el caso de que haya enviado su<strong>&nbsp;CV.<\/strong><\/li>\n\n\n\n<li>Inter\u00e9s leg\u00edtimo a la hora de realizar&nbsp;<strong>env\u00edos publicitarios.<\/strong><\/li>\n\n\n\n<li>Ejecuci\u00f3n de la relaci\u00f3n contractual si usted se ha inscrito en alg\u00fan<strong>&nbsp;evento\/visita<\/strong>&nbsp;organizado por la bodega.<\/li>\n<\/ul>\n\n\n\n<h3 class=\"wp-block-heading\">DESTINATARIOS DE LOS DATOS SUMINISTRADOS<\/h3>\n\n\n\n<p><strong>\u00bfA qu\u00e9 destinatarios se comunicar\u00e1n sus datos?<\/strong><\/p>\n\n\n\n<p>a) Los datos se comunicar\u00e1n&nbsp;<strong>por requisito legal<\/strong>&nbsp;a:<\/p>\n\n\n\n<ul class=\"wp-block-list\">\n<li>Organismos de la seguridad social (En el caso de los empleados)<\/li>\n\n\n\n<li>Administraci\u00f3n tributaria (En el caso de empleados, proveedores y clientes)<\/li>\n\n\n\n<li>Otros \u00f3rganos de la administraci\u00f3n p\u00fablica (En el caso de empleados, proveedores y clientes)<\/li>\n\n\n\n<li>Fuerzas y cuerpos de seguridad (En el caso de videovigilancia)<\/li>\n\n\n\n<li>Entidades aseguradoras (caso de empleados)<\/li>\n<\/ul>\n\n\n\n<p>b) Los datos se comunicar\u00e1n por&nbsp;<strong>requisito contractual<\/strong>&nbsp;a:<\/p>\n\n\n\n<ul class=\"wp-block-list\">\n<li>Bancos, cajas de ahorros, y cajas rurales<\/li>\n<\/ul>\n\n\n\n<p>c) Los datos (IMAGENES) de TRABAJADORES\/CLIENTES\/EVENTOS\/ se comunicar\u00e1n por su&nbsp;<strong>consentimiento otorgado (en el caso de haberlo prestado)&nbsp;<\/strong>a las siguientes Redes sociales:<\/p>\n\n\n\n<ul class=\"wp-block-list\">\n<li>Facebook<\/li>\n\n\n\n<li>Twitter<\/li>\n\n\n\n<li>Instagram<\/li>\n\n\n\n<li>Youtube<\/li>\n<\/ul>\n\n\n\n<p>*&nbsp;<strong>Las cesiones descritas en el presente apartado c) conllevan una transferencia internacional de datos a EEUU, de las cuales el afectado fue informado.<\/strong><\/p>\n\n\n\n<h3 class=\"wp-block-heading\">DERECHOS DE LOS INTERESADOS<\/h3>\n\n\n\n<p><strong>\u00bfCu\u00e1les son sus derechos?<\/strong><\/p>\n\n\n\n<p>Cualquier persona tiene derecho a obtener confirmaci\u00f3n sobre si en BODEGAS Y VI\u00d1EDOS ARTADI DE LAGUARDIA, S.A. estamos tratando datos personales que les conciernan, o no.<\/p>\n\n\n\n<p><strong>Derecho de acceso:&nbsp;<\/strong>el interesado podr\u00e1 solicitar al Responsable los datos tratados y en caso afirmativo qu\u00e9 datos personales concretos son tratados.<\/p>\n\n\n\n<p><strong>Derecho de rectificaci\u00f3n:&nbsp;<\/strong>el interesado podr\u00e1 solicitar al Responsable la correcci\u00f3n de sus datos personales en caso de no ser exactos.<\/p>\n\n\n\n<p><strong>Derecho de supresi\u00f3n:&nbsp;<\/strong>el interesado podr\u00e1 solicitar al Responsable el borrado de sus datos personales cuando, entre otros motivos, los datos ya no sean necesarios para los fines para los que fueron recogidos.<\/p>\n\n\n\n<p><strong>Derecho de oposici\u00f3n:&nbsp;<\/strong>el interesado podr\u00e1 oponerse a que el Responsable realice un tratamiento de sus datos personales.&nbsp;<\/p>\n\n\n\n<p><strong>Derecho a la limitaci\u00f3n del tratamiento:<\/strong>&nbsp;el interesado podr\u00e1 solicitar al Responsable que temporalmente no trate sus datos personales en unos supuestos concretos.<\/p>\n\n\n\n<p><strong>Derecho a la portabilidad:&nbsp;<\/strong>el interesado podr\u00e1 solicitar al Responsable sus datos automatizados en un formato estructurado de f\u00e1cil acceso y manejo.<\/p>\n\n\n\n<p><strong>\u00bfC\u00f3mo se pueden ejercer los derechos?<\/strong><\/p>\n\n\n\n<p>Mediante un escrito dirigido a BODEGAS Y VI\u00d1EDOS ARTADI DE LAGUARDIA, S.A., Carretera de Logro\u00f1o s\/n \u2013 01300, Laguardia (\u00c1lava).<\/p>\n\n\n\n<p><strong>\u00bfQu\u00e9 v\u00edas de reclamaci\u00f3n existen?<\/strong><\/p>\n\n\n\n<p>Si considera que sus derechos no se han atendido debidamente, tiene derecho a presentar una reclamaci\u00f3n ante la Agencia Espa\u00f1ola de Protecci\u00f3n de Datos, C\/ Jorge Juan, 6. 28001 \u2013 Madrid.<\/p>\n","protected":false},"excerpt":{"rendered":"<p>POL\u00cdTICA DE PRIVACIDAD Y PROTECCI\u00d3N DE DATOS DE CAR\u00c1CTER PERSONAL DE BODEGAS Y VI\u00d1EDOS ARTADI DE LAGUARDIA, S.A. TRATAMIENTOS DE DATOS PERSONALES En cumplimiento de lo establecido en la normativa&hellip;<\/p>\n","protected":false},"author":1,"featured_media":0,"parent":0,"menu_order":0,"comment_status":"closed","ping_status":"closed","template":"","meta":{"footnotes":""},"class_list":["post-3452","page","type-page","status-publish","hentry"],"_links":{"self":[{"href":"https:\/\/wordpress.artadi.com\/en\/wp-json\/wp\/v2\/pages\/3452","targetHints":{"allow":["GET"]}}],"collection":[{"href":"https:\/\/wordpress.artadi.com\/en\/wp-json\/wp\/v2\/pages"}],"about":[{"href":"https:\/\/wordpress.artadi.com\/en\/wp-json\/wp\/v2\/types\/page"}],"author":[{"embeddable":true,"href":"https:\/\/wordpress.artadi.com\/en\/wp-json\/wp\/v2\/users\/1"}],"replies":[{"embeddable":true,"href":"https:\/\/wordpress.artadi.com\/en\/wp-json\/wp\/v2\/comments?post=3452"}],"version-history":[{"count":3,"href":"https:\/\/wordpress.artadi.com\/en\/wp-json\/wp\/v2\/pages\/3452\/revisions"}],"predecessor-version":[{"id":3525,"href":"https:\/\/wordpress.artadi.com\/en\/wp-json\/wp\/v2\/pages\/3452\/revisions\/3525"}],"wp:attachment":[{"href":"https:\/\/wordpress.artadi.com\/en\/wp-json\/wp\/v2\/media?parent=3452"}],"curies":[{"name":"wp","href":"https:\/\/api.w.org\/{rel}","templated":true}]}}